{"id":422,"date":"2022-05-24T08:26:58","date_gmt":"2022-05-24T08:26:58","guid":{"rendered":"https:\/\/startersites.io\/blocksy\/barber-shop\/?page_id=2"},"modified":"2025-11-27T17:47:31","modified_gmt":"2025-11-27T20:47:31","slug":"home","status":"publish","type":"page","link":"https:\/\/bulcar.com.ar\/2025\/","title":{"rendered":"Home"},"content":{"rendered":"\n<div class=\"wp-block-stackable-columns alignfull stk-block-columns stk-block stk-614f855 stk-block-background stk--has-background-overlay\" data-block-id=\"614f855\"><style>.stk-614f855 {background-color:var(--theme-palette-color-8, #ffffff) !important;background-image:url(https:\/\/bulcar.com.ar\/2025\/wp-content\/uploads\/2022\/05\/lines-background.svg) !important;padding-top:200px !important;padding-bottom:0px !important;margin-bottom:0px !important;z-index:2 !important;overflow:visible !important;}.stk-614f855:before{background-color:var(--theme-palette-color-8, #ffffff) !important;opacity:0.4 !important;}.stk-614f855 .stk-container{overflow:visible !important;}.stk-614f855-column{--stk-column-gap:70px !important;row-gap:50px !important;}@media screen and (max-width:999px){.stk-614f855 {padding-top:100px !important;padding-bottom:60px !important;}.stk-614f855-column{--stk-column-gap:40px !important;}}<\/style><div class=\"stk-row stk-inner-blocks stk-block-content stk-content-align stk-614f855-column\">\n<div class=\"wp-block-stackable-column stk-block-column stk-column stk-block stk-beab1e6\" data-v=\"4\" data-block-id=\"beab1e6\"><style>.stk-beab1e6-container{margin-top:0px !important;margin-right:0px !important;margin-bottom:0px !important;margin-left:0px !important;}@media screen and (min-width:690px){.stk-beab1e6 {flex:var(--stk-flex-grow, 1) 1 calc(50% - var(--stk-column-gap, 0px) * 1 \/ 2 ) !important;}}<\/style><div class=\"stk-column-wrapper stk-block-column__content stk-container stk-beab1e6-container stk--no-background stk--no-padding\"><div class=\"stk-block-content stk-inner-blocks stk-beab1e6-inner-blocks\">\n<div class=\"wp-block-stackable-image stk-block-image stk-block stk-9d476fb\" data-block-id=\"9d476fb\"><style>.stk-9d476fb {margin-bottom:-100px !important;z-index:2 !important;}.stk-9d476fb .stk-img-wrapper{width:52% !important;height:315px !important;}@media screen and (max-width:999px){.stk-9d476fb {margin-bottom:0px !important;}}<\/style><figure><span class=\"stk-img-wrapper stk-image--shape-stretch\"><img loading=\"lazy\" decoding=\"async\" class=\"stk-img wp-image-757\" src=\"https:\/\/bulcar.com.ar\/2025\/wp-content\/uploads\/2025\/04\/9.jpg\" width=\"960\" height=\"960\" srcset=\"https:\/\/bulcar.com.ar\/2025\/wp-content\/uploads\/2025\/04\/9.jpg 960w, https:\/\/bulcar.com.ar\/2025\/wp-content\/uploads\/2025\/04\/9-300x300.jpg 300w, https:\/\/bulcar.com.ar\/2025\/wp-content\/uploads\/2025\/04\/9-150x150.jpg 150w, https:\/\/bulcar.com.ar\/2025\/wp-content\/uploads\/2025\/04\/9-768x768.jpg 768w\" sizes=\"auto, (max-width: 960px) 100vw, 960px\" \/><\/span><\/figure><\/div>\n<\/div><\/div><\/div>\n\n\n\n<div class=\"wp-block-stackable-column stk-block-column stk-column stk-block stk-f0f8a9e\" data-v=\"4\" data-block-id=\"f0f8a9e\"><style>.stk-f0f8a9e-container{margin-top:0px !important;margin-right:0px !important;margin-bottom:0px !important;margin-left:0px !important;}.stk-f0f8a9e {align-self:center !important;}@media screen and (min-width:690px){.stk-f0f8a9e {flex:var(--stk-flex-grow, 1) 1 calc(50% - var(--stk-column-gap, 0px) * 1 \/ 2 ) !important;}}<\/style><div class=\"stk-column-wrapper stk-block-column__content stk-container stk-f0f8a9e-container stk--no-background stk--no-padding\"><div class=\"stk-block-content stk-inner-blocks stk-f0f8a9e-inner-blocks\">\n<div class=\"wp-block-stackable-heading stk-block-heading stk-block-heading--v2 stk-block stk-bdabea5\" id=\"metalurgica-bulcar-s-r-l\" data-block-id=\"bdabea5\"><style>.stk-bdabea5 {margin-bottom:30px !important;}.stk-bdabea5 .stk-block-heading__text{font-size:36px !important;}@media screen and (max-width:999px){.stk-bdabea5 {margin-bottom:20px !important;}.stk-bdabea5 .stk-block-heading__text{font-size:35px !important;}}<\/style><h1 class=\"stk-block-heading__text has-text-align-center has-text-align-center-mobile\">Metal\u00fargica Bulcar s.r.l<\/h1><\/div>\n\n\n\n<p class=\"has-text-align-left has-medium-font-size\"><strong>Por cierre de la empresa se venden todas las instalaciones, maquinarias y matrices para la fabricaci\u00f3n de bulones , tuercas y pernos de anclaje hasta 2&#8243; de di\u00e1metro forjado en caliente. Solicitar cat\u00e1logos y precios. Maquinaria moderna y con poco uso.<\/strong><\/p>\n\n\n\n<div class=\"wp-block-stackable-spacer stk-block-spacer stk--no-padding stk-block stk-2b59476\" data-block-id=\"2b59476\"><style>.stk-2b59476 {height:0px !important;}<\/style><\/div>\n<\/div><\/div><\/div>\n<\/div><\/div>\n\n\n\n<div class=\"wp-block-stackable-spacer stk-block-spacer stk--no-padding stk-block stk-5960bc3\" data-block-id=\"5960bc3\"><style>.stk-5960bc3 {height:100px !important;}@media screen and (max-width:999px){.stk-5960bc3 {height:60px !important;}}<\/style><\/div>\n\n\n\n<div class=\"wp-block-stackable-columns stk-block-columns stk-block stk-f0d0f5a\" data-block-id=\"f0d0f5a\"><div class=\"stk-row stk-inner-blocks stk-block-content stk-content-align stk-f0d0f5a-column\">\n<div class=\"wp-block-stackable-column stk-block-column stk-column stk-block stk-a0d9c4b\" data-v=\"4\" data-block-id=\"a0d9c4b\"><style>@media screen and (min-width:690px){.stk-a0d9c4b {flex:var(--stk-flex-grow, 1) 1 25% !important;}}<\/style><div class=\"stk-column-wrapper stk-block-column__content stk-container stk-a0d9c4b-container stk--no-background stk--no-padding\"><div class=\"stk-block-content stk-inner-blocks stk-a0d9c4b-inner-blocks\">\n<figure class=\"wp-block-image size-large is-style-rounded\"><a href=\"https:\/\/bulcar.com.ar\/2025\/home\/products\/torno-enco\/\"><img loading=\"lazy\" decoding=\"async\" width=\"1024\" height=\"768\" src=\"https:\/\/bulcar.com.ar\/2025\/wp-content\/uploads\/2025\/11\/Torno-Enco-7-1024x768.jpg\" alt=\"\" class=\"wp-image-834\" srcset=\"https:\/\/bulcar.com.ar\/2025\/wp-content\/uploads\/2025\/11\/Torno-Enco-7-1024x768.jpg 1024w, https:\/\/bulcar.com.ar\/2025\/wp-content\/uploads\/2025\/11\/Torno-Enco-7-300x225.jpg 300w, https:\/\/bulcar.com.ar\/2025\/wp-content\/uploads\/2025\/11\/Torno-Enco-7-768x576.jpg 768w, https:\/\/bulcar.com.ar\/2025\/wp-content\/uploads\/2025\/11\/Torno-Enco-7-1536x1152.jpg 1536w, https:\/\/bulcar.com.ar\/2025\/wp-content\/uploads\/2025\/11\/Torno-Enco-7.jpg 1600w\" sizes=\"auto, (max-width: 1024px) 100vw, 1024px\" \/><\/a><figcaption class=\"wp-element-caption\">Torno Enco 111<\/figcaption><\/figure>\n<\/div><\/div><\/div>\n\n\n\n<div class=\"wp-block-stackable-column stk-block-column stk-column stk-block stk-e30bee1\" data-v=\"4\" data-block-id=\"e30bee1\"><style>@media screen and (min-width:690px){.stk-e30bee1 {flex:var(--stk-flex-grow, 1) 1 25% !important;}}<\/style><div class=\"stk-column-wrapper stk-block-column__content stk-container stk-e30bee1-container stk--no-background stk--no-padding\"><div class=\"stk-block-content stk-inner-blocks stk-e30bee1-inner-blocks\">\n<figure class=\"wp-block-image aligncenter size-full is-resized is-style-rounded\"><a href=\"https:\/\/bulcar.com.ar\/2025\/home\/products\/electroerosionadora\/\"><img loading=\"lazy\" decoding=\"async\" width=\"1200\" height=\"1600\" src=\"https:\/\/bulcar.com.ar\/2025\/wp-content\/uploads\/2025\/11\/WhatsApp-Image-2025-11-10-at-14.40.10.jpeg\" alt=\"electroerosionadora\" class=\"wp-image-885\" style=\"width:169px;height:auto\" srcset=\"https:\/\/bulcar.com.ar\/2025\/wp-content\/uploads\/2025\/11\/WhatsApp-Image-2025-11-10-at-14.40.10.jpeg 1200w, https:\/\/bulcar.com.ar\/2025\/wp-content\/uploads\/2025\/11\/WhatsApp-Image-2025-11-10-at-14.40.10-225x300.jpeg 225w, https:\/\/bulcar.com.ar\/2025\/wp-content\/uploads\/2025\/11\/WhatsApp-Image-2025-11-10-at-14.40.10-768x1024.jpeg 768w, https:\/\/bulcar.com.ar\/2025\/wp-content\/uploads\/2025\/11\/WhatsApp-Image-2025-11-10-at-14.40.10-1152x1536.jpeg 1152w\" sizes=\"auto, (max-width: 1200px) 100vw, 1200px\" \/><\/a><figcaption class=\"wp-element-caption\">Electroerosionadora<\/figcaption><\/figure>\n<\/div><\/div><\/div>\n\n\n\n<div class=\"wp-block-stackable-column stk-block-column stk-column stk-block stk-6bf28c7\" data-v=\"4\" data-block-id=\"6bf28c7\"><style>@media screen and (min-width:690px){.stk-6bf28c7 {flex:var(--stk-flex-grow, 1) 1 25% !important;}}<\/style><div class=\"stk-column-wrapper stk-block-column__content stk-container stk-6bf28c7-container stk--no-background stk--no-padding\"><div class=\"stk-block-content stk-inner-blocks stk-6bf28c7-inner-blocks\">\n<figure class=\"wp-block-image size-large is-style-rounded\"><a href=\"https:\/\/bulcar.com.ar\/2025\/home\/products\/roscadora\/\"><img loading=\"lazy\" decoding=\"async\" width=\"1024\" height=\"768\" src=\"https:\/\/bulcar.com.ar\/2025\/wp-content\/uploads\/2025\/11\/Roscadora1-1024x768.jpeg\" alt=\"\" class=\"wp-image-897\" srcset=\"https:\/\/bulcar.com.ar\/2025\/wp-content\/uploads\/2025\/11\/Roscadora1-1024x768.jpeg 1024w, https:\/\/bulcar.com.ar\/2025\/wp-content\/uploads\/2025\/11\/Roscadora1-300x225.jpeg 300w, https:\/\/bulcar.com.ar\/2025\/wp-content\/uploads\/2025\/11\/Roscadora1-768x576.jpeg 768w, https:\/\/bulcar.com.ar\/2025\/wp-content\/uploads\/2025\/11\/Roscadora1-1536x1152.jpeg 1536w, https:\/\/bulcar.com.ar\/2025\/wp-content\/uploads\/2025\/11\/Roscadora1.jpeg 1600w\" sizes=\"auto, (max-width: 1024px) 100vw, 1024px\" \/><\/a><figcaption class=\"wp-element-caption\">Roscadora LANDIS 9\/16&#8243; y 3\/4&#8243;<\/figcaption><\/figure>\n<\/div><\/div><\/div>\n\n\n\n<div class=\"wp-block-stackable-column stk-block-column stk-column stk-block stk-389f660\" data-v=\"4\" data-block-id=\"389f660\"><style>@media screen and (min-width:690px){.stk-389f660 {flex:var(--stk-flex-grow, 1) 1 25% !important;}}<\/style><div class=\"stk-column-wrapper stk-block-column__content stk-container stk-389f660-container stk--no-background stk--no-padding\"><div class=\"stk-block-content stk-inner-blocks stk-389f660-inner-blocks\">\n<figure class=\"wp-block-image size-large is-style-rounded\"><a href=\"https:\/\/bulcar.com.ar\/2025\/home\/products\/sierra\/\"><img loading=\"lazy\" decoding=\"async\" width=\"1024\" height=\"728\" src=\"https:\/\/bulcar.com.ar\/2025\/wp-content\/uploads\/2025\/11\/Sierra8-1024x728.jpeg\" alt=\"\" class=\"wp-image-914\" srcset=\"https:\/\/bulcar.com.ar\/2025\/wp-content\/uploads\/2025\/11\/Sierra8-1024x728.jpeg 1024w, https:\/\/bulcar.com.ar\/2025\/wp-content\/uploads\/2025\/11\/Sierra8-300x213.jpeg 300w, https:\/\/bulcar.com.ar\/2025\/wp-content\/uploads\/2025\/11\/Sierra8-768x546.jpeg 768w, https:\/\/bulcar.com.ar\/2025\/wp-content\/uploads\/2025\/11\/Sierra8.jpeg 1445w\" sizes=\"auto, (max-width: 1024px) 100vw, 1024px\" \/><\/a><figcaption class=\"wp-element-caption\">Sierra de Cinta para Corte de Metales<\/figcaption><\/figure>\n<\/div><\/div><\/div>\n<\/div><\/div>\n\n\n\n<div class=\"wp-block-stackable-columns stk-block-columns stk-block stk-ac3071c\" data-block-id=\"ac3071c\"><div class=\"stk-row stk-inner-blocks stk-block-content stk-content-align stk-ac3071c-column\">\n<div class=\"wp-block-stackable-column stk-block-column stk-column stk-block stk-03dd24f\" data-v=\"4\" data-block-id=\"03dd24f\"><style>@media screen and (min-width:690px){.stk-03dd24f {flex:var(--stk-flex-grow, 1) 1 25% !important;}}<\/style><div class=\"stk-column-wrapper stk-block-column__content stk-container stk-03dd24f-container stk--no-background stk--no-padding\"><div class=\"stk-block-content stk-inner-blocks stk-03dd24f-inner-blocks\">\n<figure class=\"wp-block-image size-large is-resized is-style-rounded\"><a href=\"https:\/\/bulcar.com.ar\/2025\/home\/products\/sierra_horizontal\/\"><img loading=\"lazy\" decoding=\"async\" width=\"768\" height=\"1024\" src=\"https:\/\/bulcar.com.ar\/2025\/wp-content\/uploads\/2025\/11\/SierraH4-768x1024.jpeg\" alt=\"\" class=\"wp-image-923\" style=\"width:189px\" srcset=\"https:\/\/bulcar.com.ar\/2025\/wp-content\/uploads\/2025\/11\/SierraH4-768x1024.jpeg 768w, https:\/\/bulcar.com.ar\/2025\/wp-content\/uploads\/2025\/11\/SierraH4-225x300.jpeg 225w, https:\/\/bulcar.com.ar\/2025\/wp-content\/uploads\/2025\/11\/SierraH4-1152x1536.jpeg 1152w, https:\/\/bulcar.com.ar\/2025\/wp-content\/uploads\/2025\/11\/SierraH4.jpeg 1200w\" sizes=\"auto, (max-width: 768px) 100vw, 768px\" \/><\/a><figcaption class=\"wp-element-caption\">Sierra Horizontal WE-210S\/SV<\/figcaption><\/figure>\n<\/div><\/div><\/div>\n\n\n\n<div class=\"wp-block-stackable-column stk-block-column stk-column stk-block stk-a25ae56\" data-v=\"4\" data-block-id=\"a25ae56\"><style>@media screen and (min-width:690px){.stk-a25ae56 {flex:var(--stk-flex-grow, 1) 1 25% !important;}}<\/style><div class=\"stk-column-wrapper stk-block-column__content stk-container stk-a25ae56-container stk--no-background stk--no-padding\"><div class=\"stk-block-content stk-inner-blocks stk-a25ae56-inner-blocks\">\n<figure class=\"wp-block-image aligncenter size-large is-resized is-style-rounded\"><a href=\"https:\/\/bulcar.com.ar\/2025\/home\/products\/prensas\/\"><img loading=\"lazy\" decoding=\"async\" width=\"768\" height=\"1024\" src=\"https:\/\/bulcar.com.ar\/2025\/wp-content\/uploads\/2025\/11\/Prensa7-768x1024.jpeg\" alt=\"\" class=\"wp-image-953\" style=\"width:189px\" srcset=\"https:\/\/bulcar.com.ar\/2025\/wp-content\/uploads\/2025\/11\/Prensa7-768x1024.jpeg 768w, https:\/\/bulcar.com.ar\/2025\/wp-content\/uploads\/2025\/11\/Prensa7-225x300.jpeg 225w, https:\/\/bulcar.com.ar\/2025\/wp-content\/uploads\/2025\/11\/Prensa7-1152x1536.jpeg 1152w, https:\/\/bulcar.com.ar\/2025\/wp-content\/uploads\/2025\/11\/Prensa7.jpeg 1200w\" sizes=\"auto, (max-width: 768px) 100vw, 768px\" \/><\/a><figcaption class=\"wp-element-caption\">Prensas a fricci\u00f3n  son de 170 y 200 toneladas<\/figcaption><\/figure>\n<\/div><\/div><\/div>\n\n\n\n<div class=\"wp-block-stackable-column stk-block-column stk-column stk-block stk-0e11ca3\" data-v=\"4\" data-block-id=\"0e11ca3\"><style>@media screen and (min-width:690px){.stk-0e11ca3 {flex:var(--stk-flex-grow, 1) 1 25% !important;}}<\/style><div class=\"stk-column-wrapper stk-block-column__content stk-container stk-0e11ca3-container stk--no-background stk--no-padding\"><div class=\"stk-block-content stk-inner-blocks stk-0e11ca3-inner-blocks\">\n<figure class=\"wp-block-image aligncenter size-large is-resized is-style-rounded\"><a href=\"https:\/\/bulcar.com.ar\/2025\/home\/products\/prensas-2\/\"><img loading=\"lazy\" decoding=\"async\" width=\"768\" height=\"1024\" src=\"https:\/\/bulcar.com.ar\/2025\/wp-content\/uploads\/2025\/11\/Laminadora_Roscas2-768x1024.jpeg\" alt=\"\" class=\"wp-image-965\" style=\"width:189px\" srcset=\"https:\/\/bulcar.com.ar\/2025\/wp-content\/uploads\/2025\/11\/Laminadora_Roscas2-768x1024.jpeg 768w, https:\/\/bulcar.com.ar\/2025\/wp-content\/uploads\/2025\/11\/Laminadora_Roscas2-225x300.jpeg 225w, https:\/\/bulcar.com.ar\/2025\/wp-content\/uploads\/2025\/11\/Laminadora_Roscas2-1152x1536.jpeg 1152w, https:\/\/bulcar.com.ar\/2025\/wp-content\/uploads\/2025\/11\/Laminadora_Roscas2.jpeg 1200w\" sizes=\"auto, (max-width: 768px) 100vw, 768px\" \/><\/a><figcaption class=\"wp-element-caption\">Laminadora de Roscas<\/figcaption><\/figure>\n<\/div><\/div><\/div>\n\n\n\n<div class=\"wp-block-stackable-column stk-block-column stk-column stk-block stk-ab47e05\" data-v=\"4\" data-block-id=\"ab47e05\"><style>@media screen and (min-width:690px){.stk-ab47e05 {flex:var(--stk-flex-grow, 1) 1 25% !important;}}<\/style><div class=\"stk-column-wrapper stk-block-column__content stk-container stk-ab47e05-container stk--no-background stk--no-padding\"><div class=\"stk-block-content stk-inner-blocks stk-ab47e05-inner-blocks\">\n<figure class=\"wp-block-image size-large is-style-rounded\"><a href=\"https:\/\/bulcar.com.ar\/2025\/home\/products\/prensas-3\/\"><img loading=\"lazy\" decoding=\"async\" width=\"1024\" height=\"768\" src=\"https:\/\/bulcar.com.ar\/2025\/wp-content\/uploads\/2025\/11\/Balancin_65_toneladas2-1024x768.jpeg\" alt=\"\" class=\"wp-image-971\" srcset=\"https:\/\/bulcar.com.ar\/2025\/wp-content\/uploads\/2025\/11\/Balancin_65_toneladas2-1024x768.jpeg 1024w, https:\/\/bulcar.com.ar\/2025\/wp-content\/uploads\/2025\/11\/Balancin_65_toneladas2-300x225.jpeg 300w, https:\/\/bulcar.com.ar\/2025\/wp-content\/uploads\/2025\/11\/Balancin_65_toneladas2-768x576.jpeg 768w, https:\/\/bulcar.com.ar\/2025\/wp-content\/uploads\/2025\/11\/Balancin_65_toneladas2-1536x1152.jpeg 1536w, https:\/\/bulcar.com.ar\/2025\/wp-content\/uploads\/2025\/11\/Balancin_65_toneladas2.jpeg 1600w\" sizes=\"auto, (max-width: 1024px) 100vw, 1024px\" \/><\/a><figcaption class=\"wp-element-caption\">Balanc\u00edn 65 Toneladas<\/figcaption><\/figure>\n<\/div><\/div><\/div>\n<\/div><\/div>\n\n\n\n<div class=\"wp-block-stackable-columns stk-block-columns stk-block stk-e7652fe\" data-block-id=\"e7652fe\"><div class=\"stk-row stk-inner-blocks stk-block-content stk-content-align stk-e7652fe-column\">\n<div class=\"wp-block-stackable-column stk-block-column stk-column stk-block stk-02366aa\" data-v=\"4\" data-block-id=\"02366aa\"><style>@media screen and (min-width:690px){.stk-02366aa {flex:var(--stk-flex-grow, 1) 1 25% !important;}}<\/style><div class=\"stk-column-wrapper stk-block-column__content stk-container stk-02366aa-container stk--no-background stk--no-padding\"><div class=\"stk-block-content stk-inner-blocks stk-02366aa-inner-blocks\">\n<figure class=\"wp-block-image aligncenter size-large is-resized is-style-rounded\"><a href=\"https:\/\/bulcar.com.ar\/2025\/home\/products\/compresor\/\"><img loading=\"lazy\" decoding=\"async\" width=\"768\" height=\"1024\" src=\"https:\/\/bulcar.com.ar\/2025\/wp-content\/uploads\/2025\/11\/Compresor-4-768x1024.jpg\" alt=\"\" class=\"wp-image-824\" style=\"width:230px;height:auto\" srcset=\"https:\/\/bulcar.com.ar\/2025\/wp-content\/uploads\/2025\/11\/Compresor-4-768x1024.jpg 768w, https:\/\/bulcar.com.ar\/2025\/wp-content\/uploads\/2025\/11\/Compresor-4-225x300.jpg 225w, https:\/\/bulcar.com.ar\/2025\/wp-content\/uploads\/2025\/11\/Compresor-4-1152x1536.jpg 1152w, https:\/\/bulcar.com.ar\/2025\/wp-content\/uploads\/2025\/11\/Compresor-4.jpg 1200w\" sizes=\"auto, (max-width: 768px) 100vw, 768px\" \/><\/a><figcaption class=\"wp-element-caption\">Compresor KAESER<\/figcaption><\/figure>\n<\/div><\/div><\/div>\n\n\n\n<div class=\"wp-block-stackable-column stk-block-column stk-column stk-block stk-2f89cdb\" data-v=\"4\" data-block-id=\"2f89cdb\"><style>@media screen and (min-width:690px){.stk-2f89cdb {flex:var(--stk-flex-grow, 1) 1 25% !important;}}<\/style><div class=\"stk-column-wrapper stk-block-column__content stk-container stk-2f89cdb-container stk--no-background stk--no-padding\"><div class=\"stk-block-content stk-inner-blocks stk-2f89cdb-inner-blocks\"><\/div><\/div><\/div>\n\n\n\n<div class=\"wp-block-stackable-column stk-block-column stk-column stk-block stk-59e7bab\" data-v=\"4\" data-block-id=\"59e7bab\"><style>@media screen and (min-width:690px){.stk-59e7bab {flex:var(--stk-flex-grow, 1) 1 25% !important;}}<\/style><div class=\"stk-column-wrapper stk-block-column__content stk-container stk-59e7bab-container stk--no-background stk--no-padding\"><div class=\"stk-block-content stk-inner-blocks stk-59e7bab-inner-blocks\"><\/div><\/div><\/div>\n\n\n\n<div class=\"wp-block-stackable-column stk-block-column stk-column stk-block stk-b19c675\" data-v=\"4\" data-block-id=\"b19c675\"><style>@media screen and (min-width:690px){.stk-b19c675 {flex:var(--stk-flex-grow, 1) 1 25% !important;}}<\/style><div class=\"stk-column-wrapper stk-block-column__content stk-container stk-b19c675-container stk--no-background stk--no-padding\"><div class=\"stk-block-content stk-inner-blocks stk-b19c675-inner-blocks\"><\/div><\/div><\/div>\n<\/div><\/div>\n","protected":false},"excerpt":{"rendered":"<p>Metal\u00fargica Bulcar s.r.l Por cierre de la empresa se venden todas las instalaciones, maquinarias y matrices para la fabricaci\u00f3n de bulones , tuercas y pernos de anclaje hasta 2&#8243; de di\u00e1metro forjado en caliente. Solicitar cat\u00e1logos y precios. Maquinaria moderna y con poco uso.<\/p>\n","protected":false},"author":2,"featured_media":0,"parent":0,"menu_order":0,"comment_status":"closed","ping_status":"closed","template":"","meta":{"footnotes":""},"class_list":["post-422","page","type-page","status-publish","hentry"],"blocksy_meta":{"styles_descriptor":{"styles":{"desktop":"","tablet":"","mobile":""},"google_fonts":[],"version":6},"page_title_panel":"","has_hero_section":"disabled","cb5a85b296d503fd18dd6ed3b3c268c1":"","hero_section":"type-1","hero_elements":[{"id":"custom_title","enabled":true,"heading_tag":"h1","title":"Home"},{"id":"custom_description","enabled":true,"description_visibility":{"desktop":true,"tablet":true,"mobile":false}},{"id":"custom_meta","enabled":false,"meta_elements":[{"id":"author","enabled":true,"label":"By","has_author_avatar":"yes","avatar_size":25},{"id":"post_date","enabled":true,"label":"On","date_format_source":"default","date_format":"M j, Y"},{"id":"updated_date","enabled":false,"label":"On","date_format_source":"default","date_format":"M j, Y"},{"id":"categories","enabled":false,"label":"In","style":"simple"},{"id":"comments","enabled":true}],"page_meta_elements":{"joined":true,"articles_count":true,"comments":true}},{"id":"breadcrumbs","enabled":false}],"4594909c29ef835767aab04a535b49ea":"","hero_alignment1":"CT_CSS_SKIP_RULE","hero_margin":40,"hero_alignment2":"center","hero_vertical_alignment":"center","1eba9bd5d15230d3799bb0467f4738be":"","hero_structure":"narrow","4001c2cff5a07a8e153752c6259fd856":"","page_title_bg_type":"featured_image","custom_hero_background":{"attachment_id":null},"page_title_image_size":"full","parallax":{"desktop":false,"tablet":false,"mobile":false},"995b262acd733dbac3086dcf33e2f9a9":"","hero_height":"250px","pageTitleFont":{"family":"Default","variation":"Default","size":"30px","line-height":"CT_CSS_SKIP_RULE","letter-spacing":"CT_CSS_SKIP_RULE","text-transform":"CT_CSS_SKIP_RULE","text-decoration":"CT_CSS_SKIP_RULE"},"pageTitleFontColor":{"default":{"color":"CT_CSS_SKIP_RULEDEFAULT"}},"pageMetaFont":{"family":"Default","variation":"n6","size":"12px","line-height":"1.3","letter-spacing":"CT_CSS_SKIP_RULE","text-transform":"uppercase","text-decoration":"CT_CSS_SKIP_RULE"},"pageMetaFontColor":{"default":{"color":"CT_CSS_SKIP_RULEDEFAULT"},"hover":{"color":"CT_CSS_SKIP_RULEDEFAULT"}},"page_meta_button_type_font_colors":{"default":{"color":"CT_CSS_SKIP_RULEDEFAULT"},"hover":{"color":"CT_CSS_SKIP_RULEDEFAULT"}},"page_meta_button_type_background_colors":{"default":{"color":"CT_CSS_SKIP_RULEDEFAULT"},"hover":{"color":"CT_CSS_SKIP_RULEDEFAULT"}},"pageExcerptFont":{"family":"Default","variation":"Default","size":"CT_CSS_SKIP_RULE","line-height":"CT_CSS_SKIP_RULE","letter-spacing":"CT_CSS_SKIP_RULE","text-transform":"CT_CSS_SKIP_RULE","text-decoration":"CT_CSS_SKIP_RULE"},"pageExcerptColor":{"default":{"color":"CT_CSS_SKIP_RULEDEFAULT"}},"breadcrumbsFont":{"family":"Default","variation":"Default","size":"CT_CSS_SKIP_RULE","line-height":"CT_CSS_SKIP_RULE","letter-spacing":"CT_CSS_SKIP_RULE","text-transform":"CT_CSS_SKIP_RULE","text-decoration":"CT_CSS_SKIP_RULE"},"breadcrumbsFontColor":{"default":{"color":"CT_CSS_SKIP_RULEDEFAULT"},"initial":{"color":"CT_CSS_SKIP_RULEDEFAULT"},"hover":{"color":"CT_CSS_SKIP_RULEDEFAULT"}},"pageTitleOverlay":{"background_type":"color","background_pattern":"type-1","background_image":{"attachment_id":null,"x":0,"y":0},"gradient":"linear-gradient(135deg,rgba(6,147,227,1) 0%,rgb(155,81,224) 100%)","background_repeat":"repeat","background_size":"auto","background_attachment":"scroll","patternColor":{"default":{"color":"#e5e7ea"}},"overlayColor":{"default":{"color":"CT_CSS_SKIP_RULE"}},"backgroundColor":{"default":{"color":"CT_CSS_SKIP_RULE"}}},"pageTitleBackground":{"background_type":"color","background_pattern":"type-1","background_image":{"attachment_id":null,"x":0,"y":0},"gradient":"linear-gradient(135deg,rgba(6,147,227,1) 0%,rgb(155,81,224) 100%)","background_repeat":"repeat","background_size":"auto","background_attachment":"scroll","patternColor":{"default":{"color":"#e5e7ea"}},"overlayColor":{"default":{"color":"CT_CSS_SKIP_RULE"}},"backgroundColor":{"default":{"color":"var(--theme-palette-color-6)"}}},"pageTitlePadding":{"top":"50px","bottom":"50px","left":"auto","right":"auto","linked":true},"8ca0bbee79f1b3f8d38b3bd5fbcd6ad4":"","page_structure_type":"default","25053ed5b702619be83421c86737f16e":"","content_style_source":"inherit","content_style":"wide","vertical_spacing_source":"custom","content_area_spacing":"none","background":{"background_type":"color","background_pattern":"type-1","background_image":{"attachment_id":null,"x":0,"y":0},"gradient":"linear-gradient(135deg,rgba(6,147,227,1) 0%,rgb(155,81,224) 100%)","background_repeat":"repeat","background_size":"auto","background_attachment":"scroll","patternColor":{"default":{"color":"#e5e7ea"}},"overlayColor":{"default":{"color":"CT_CSS_SKIP_RULE"}},"backgroundColor":{"default":{"color":"CT_CSS_SKIP_RULE"}}},"content_background":{"background_type":"color","background_pattern":"type-1","background_image":{"attachment_id":null,"x":0,"y":0},"gradient":"linear-gradient(135deg,rgba(6,147,227,1) 0%,rgb(155,81,224) 100%)","background_repeat":"repeat","background_size":"auto","background_attachment":"scroll","patternColor":{"default":{"color":"#e5e7ea"}},"overlayColor":{"default":{"color":"CT_CSS_SKIP_RULE"}},"backgroundColor":{"default":{"color":"var(--theme-palette-color-8)"}}},"content_boxed_shadow":{"inherit":false,"blur":18,"spread":-6,"v_offset":12,"h_offset":0,"inset":false,"enable":true,"color":{"color":"rgba(34, 56, 101, 0.04)"}},"content_boxed_border":{"width":1,"style":"none","color":{"color":"rgba(44,62,80,0.2)"}},"content_boxed_radius":{"top":"3px","bottom":"3px","left":"3px","right":"3px","linked":true},"boxed_content_spacing":{"desktop":{"top":"40px","bottom":"40px","left":"40px","right":"40px","linked":true},"tablet":{"top":"35px","bottom":"35px","left":"35px","right":"35px","linked":true},"mobile":{"top":"20px","bottom":"20px","left":"20px","right":"20px","linked":true}},"2ce59b97baccadf50298dba6dc773731":"","disable_featured_image":"no","disable_share_box":"no","disable_header":"no","disable_footer":"no"},"_links":{"self":[{"href":"https:\/\/bulcar.com.ar\/2025\/wp-json\/wp\/v2\/pages\/422","targetHints":{"allow":["GET"]}}],"collection":[{"href":"https:\/\/bulcar.com.ar\/2025\/wp-json\/wp\/v2\/pages"}],"about":[{"href":"https:\/\/bulcar.com.ar\/2025\/wp-json\/wp\/v2\/types\/page"}],"author":[{"embeddable":true,"href":"https:\/\/bulcar.com.ar\/2025\/wp-json\/wp\/v2\/users\/2"}],"replies":[{"embeddable":true,"href":"https:\/\/bulcar.com.ar\/2025\/wp-json\/wp\/v2\/comments?post=422"}],"version-history":[{"count":14,"href":"https:\/\/bulcar.com.ar\/2025\/wp-json\/wp\/v2\/pages\/422\/revisions"}],"predecessor-version":[{"id":986,"href":"https:\/\/bulcar.com.ar\/2025\/wp-json\/wp\/v2\/pages\/422\/revisions\/986"}],"wp:attachment":[{"href":"https:\/\/bulcar.com.ar\/2025\/wp-json\/wp\/v2\/media?parent=422"}],"curies":[{"name":"wp","href":"https:\/\/api.w.org\/{rel}","templated":true}]}}