{"id":869,"date":"2025-11-12T09:50:56","date_gmt":"2025-11-12T12:50:56","guid":{"rendered":"https:\/\/bulcar.com.ar\/2025\/?page_id=869"},"modified":"2025-11-12T09:50:56","modified_gmt":"2025-11-12T12:50:56","slug":"compresor","status":"publish","type":"page","link":"https:\/\/bulcar.com.ar\/2025\/home\/products\/compresor\/","title":{"rendered":"Compresor KAESER"},"content":{"rendered":"\n<div class=\"wp-block-stackable-feature stk-block-feature stk-block stk-8363b1c is-style-default\" data-v=\"2\" data-block-id=\"8363b1c\"><style>.stk-8363b1c {--stk-feature-flex-wrap:nowrap !important;}<\/style><div class=\"stk-content-align stk-8363b1c-column stk-container stk-8363b1c-container stk--no-background stk--no-padding\"><div class=\"stk-inner-blocks stk-block-content stk-row\">\n<div class=\"wp-block-stackable-column stk-block-column stk-column stk-block stk-1a3ca5e\" data-v=\"4\" data-block-id=\"1a3ca5e\"><style>.stk-1a3ca5e {align-self:center !important;}<\/style><div class=\"stk-column-wrapper stk-block-column__content stk-container stk-1a3ca5e-container stk--no-background stk--no-padding\"><div class=\"stk-block-content stk-inner-blocks stk-1a3ca5e-inner-blocks\">\n<div class=\"wp-block-stackable-heading stk-block-heading stk-block-heading--v2 stk-block stk-4c70f40\" id=\"informacion-tecnica\" data-block-id=\"4c70f40\"><h2 class=\"stk-block-heading__text\">Informaci\u00f3n T\u00e9cnica<\/h2><\/div>\n\n\n\n<div class=\"wp-block-stackable-text stk-block-text stk-block stk-b317b29\" data-block-id=\"b317b29\"><style>.stk-b317b29 .stk-block-text__text{font-size:22px !important;}@media screen and (max-width:999px){.stk-b317b29 .stk-block-text__text{font-size:22px !important;}}<\/style><p class=\"stk-block-text__text\"><strong>F\u00e1cil acceso desde la parte frontal<br>Sistema de tensionamiento autom\u00e1tico de correa<br>Sistema para cambios de lubricantes r\u00e1pidos<br>Mirilla para verificar el nivel de lubricante<br>Filtro de lubricante de 10 micrones<br>Filtro de admisi\u00f3n de aire de 4 micrones<br>Panel filtrante limpiable<\/strong><\/p><\/div>\n\n\n\n<div class=\"wp-block-stackable-columns stk-block-columns stk-block stk-f3fadcf\" data-block-id=\"f3fadcf\"><div class=\"stk-row stk-inner-blocks stk-block-content stk-content-align stk-f3fadcf-column\">\n<div class=\"wp-block-stackable-column stk-block-column stk-column stk-block stk-414e975\" data-v=\"4\" data-block-id=\"414e975\"><style>@media screen and (min-width:690px){.stk-414e975 {flex:var(--stk-flex-grow, 1) 1 calc(53.5% - var(--stk-column-gap, 0px) * 1 \/ 2 ) !important;}}<\/style><div class=\"stk-column-wrapper stk-block-column__content stk-container stk-414e975-container stk--no-background stk--no-padding\"><div class=\"stk-block-content stk-inner-blocks stk-414e975-inner-blocks\">\n<p><\/p>\n\n\n\n<h2 class=\"wp-block-heading has-text-align-left\"><strong>Para m\u00e1s informaci\u00f3n contactate<\/strong><\/h2>\n<\/div><\/div><\/div>\n\n\n\n<div class=\"wp-block-stackable-column stk-block-column stk-column stk-block stk-0a24553\" data-v=\"4\" data-block-id=\"0a24553\"><style>@media screen and (min-width:690px){.stk-0a24553 {flex:var(--stk-flex-grow, 1) 1 calc(46.5% - var(--stk-column-gap, 0px) * 1 \/ 2 ) !important;}}<\/style><div class=\"stk-column-wrapper stk-block-column__content stk-container stk-0a24553-container stk--no-background stk--no-padding\"><div class=\"stk-block-content stk-inner-blocks stk-0a24553-inner-blocks\"><div class=\"ct-block-wrapper\">\n\n<h3 class=\"wp-block-heading has-medium-font-size\"><strong>Informaci\u00f3n de contacto<\/strong><\/h3>\n\n\n<div class=\"ct-contact-info-block \" style=\"--theme-icon-size:28px;--items-direction:column;--background-color:rgba(218, 222, 228, 0.5);--background-hover-color:rgba(218, 222, 228, 0.7);\">\n\t\t<ul data-icons-type=\"rounded:solid\">\n\t\t\t\t\t\t\t\t\t\t\t\t\t\t\t\t\t\t\t<li class=\"\">\n\t\t\t\t\t<span class=\"ct-icon-container\"><svg width=\"18\" height=\"18\" viewBox=\"0 0 20 20\" aria-hidden=\"true\"><path d=\"M13.5,20H6.5c-1.6,0-2.9-1.3-2.9-2.9V2.9C3.5,1.3,4.8,0,6.5,0h7.1c1.6,0,2.9,1.3,2.9,2.9v14.1C16.5,18.7,15.2,20,13.5,20zM6.7,1.7C5.8,1.7,5,2.5,5,3.4v13.2c0,0.9,0.7,1.7,1.7,1.7h6.6c0.9,0,1.7-0.7,1.7-1.7V3.4c0-0.9-0.7-1.7-1.7-1.7H6.7z\"\/><path d=\"M11.2,4.4H8.8c-0.3,0-0.6-0.3-0.6-0.6s0.3-0.6,0.6-0.6h2.4c0.3,0,0.6,0.3,0.6,0.6S11.5,4.4,11.2,4.4z\"\/><circle cx=\"10\" cy=\"15.7\" r=\"1.2\"\/><\/svg><\/span>\n\t\t\t\t\t\t\t\t\t\t\t<div class=\"contact-info\">\n\t\t\t\t\t\t\t\t\t\t\t\t\t\t\t<span class=\"contact-title\">\n\t\t\t\t\t\t\t\t\tM\u00f3vil:\t\t\t\t\t\t\t\t<\/span>\n\t\t\t\t\t\t\t\n\t\t\t\t\t\t\t\t\t\t\t\t\t\t\t<span class=\"contact-text\">\n\t\t\t\t\t\t\t\t\t\t\t\t\t\t\t\t\t\t\t<a href=\"tel:+54%209%2011%203516-7273\" >\n\t\t\t\t\t\t\t\t\t\n\t\t\t\t\t\t\t\t\t+54 9 11 3516-7273\n\t\t\t\t\t\t\t\t\t\t\t\t\t\t\t\t\t\t\t<\/a>\n\t\t\t\t\t\t\t\t\t\t\t\t\t\t\t\t\t<\/span>\n\t\t\t\t\t\t\t\t\t\t\t\t\t<\/div>\n\t\t\t\t\t\t\t\t\t<\/li>\n\t\t\t\t\t\t\t\t\t\t\t<li class=\"\">\n\t\t\t\t\t<span class=\"ct-icon-container\"><svg width=\"18\" height=\"18\" viewBox=\"0 0 20 20\" aria-hidden=\"true\"><path d=\"M13.5,20H6.5c-1.6,0-2.9-1.3-2.9-2.9V2.9C3.5,1.3,4.8,0,6.5,0h7.1c1.6,0,2.9,1.3,2.9,2.9v14.1C16.5,18.7,15.2,20,13.5,20zM6.7,1.7C5.8,1.7,5,2.5,5,3.4v13.2c0,0.9,0.7,1.7,1.7,1.7h6.6c0.9,0,1.7-0.7,1.7-1.7V3.4c0-0.9-0.7-1.7-1.7-1.7H6.7z\"\/><path d=\"M11.2,4.4H8.8c-0.3,0-0.6-0.3-0.6-0.6s0.3-0.6,0.6-0.6h2.4c0.3,0,0.6,0.3,0.6,0.6S11.5,4.4,11.2,4.4z\"\/><circle cx=\"10\" cy=\"15.7\" r=\"1.2\"\/><\/svg><\/span>\n\t\t\t\t\t\t\t\t\t\t\t<div class=\"contact-info\">\n\t\t\t\t\t\t\t\t\t\t\t\t\t\t\t<span class=\"contact-title\">\n\t\t\t\t\t\t\t\t\tM\u00f3vil:\t\t\t\t\t\t\t\t<\/span>\n\t\t\t\t\t\t\t\n\t\t\t\t\t\t\t\t\t\t\t\t\t\t\t<span class=\"contact-text\">\n\t\t\t\t\t\t\t\t\t\t\t\t\t\t\t\t\t\t\t<a href=\"tel:+54%209%20115604-9932\" >\n\t\t\t\t\t\t\t\t\t\n\t\t\t\t\t\t\t\t\t+54 9 115604-9932\n\t\t\t\t\t\t\t\t\t\t\t\t\t\t\t\t\t\t\t<\/a>\n\t\t\t\t\t\t\t\t\t\t\t\t\t\t\t\t\t<\/span>\n\t\t\t\t\t\t\t\t\t\t\t\t\t<\/div>\n\t\t\t\t\t\t\t\t\t<\/li>\n\t\t\t\t\t\t\t\t\t\t\t<li class=\"\">\n\t\t\t\t\t<span class=\"ct-icon-container\"><svg width=\"18\" height=\"18\" viewBox=\"0 0 20 20\" aria-hidden=\"true\"><path d=\"M10,0C4.5,0,0,4.5,0,10s4.5,10,10,10h5v-2h-5c-4.4,0-8-3.6-8-8s3.6-8,8-8s8,3.6,8,8v1.5c0,0.8-0.7,1.5-1.5,1.5S15,12.3,15,11.5V10c0-2.7-2.3-5-5-5s-5,2.3-5,5s2.3,5,5,5c1.4,0,2.7-0.6,3.6-1.6c0.6,0.9,1.7,1.6,2.9,1.6c1.9,0,3.5-1.6,3.5-3.5V10C20,4.5,15.5,0,10,0zM10,7c1.7,0,3,1.3,3,3s-1.3,3-3,3s-3-1.3-3-3S8.3,7,10,7z\"\/><\/svg><\/span>\n\t\t\t\t\t\t\t\t\t\t\t<div class=\"contact-info\">\n\t\t\t\t\t\t\t\t\t\t\t\t\t\t\t<span class=\"contact-title\">\n\t\t\t\t\t\t\t\t\tCorreo electr\u00f3nico:\t\t\t\t\t\t\t\t<\/span>\n\t\t\t\t\t\t\t\n\t\t\t\t\t\t\t\t\t\t\t\t\t\t\t<span class=\"contact-text\">\n\t\t\t\t\t\t\t\t\t\t\t\t\t\t\t\t\t\t\t<a href=\"mailto:&#098;&#117;&#108;c&#097;&#114;&#064;b&#117;&#108;&#099;&#097;r.&#099;&#111;m.ar\" >\n\t\t\t\t\t\t\t\t\t\n\t\t\t\t\t\t\t\t\tbu&#108;&#99;&#97;&#114;&#64;bulcar.c&#111;m.a&#114;\n\t\t\t\t\t\t\t\t\t\t\t\t\t\t\t\t\t\t\t<\/a>\n\t\t\t\t\t\t\t\t\t\t\t\t\t\t\t\t\t<\/span>\n\t\t\t\t\t\t\t\t\t\t\t\t\t<\/div>\n\t\t\t\t\t\t\t\t\t<\/li>\n\t\t\t\t\t<\/ul>\n\n\t\t<\/div>\n<\/div><\/div><\/div><\/div>\n<\/div><\/div>\n<\/div><\/div><\/div>\n\n\n\n<div class=\"wp-block-stackable-column stk-block-column stk-column stk-block stk-3adf72f\" data-v=\"4\" data-block-id=\"3adf72f\"><style>.stk-3adf72f {align-self:center !important;}<\/style><div class=\"stk-column-wrapper stk-block-column__content stk-container stk-3adf72f-container stk--no-background stk--no-padding\"><div class=\"stk-block-content stk-inner-blocks stk-3adf72f-inner-blocks\">\n<div class=\"wp-block-stackable-image stk-block-image stk-block stk-a842a0c\" data-block-id=\"a842a0c\"><figure><span class=\"stk-img-wrapper stk-image--shape-stretch\"><img loading=\"lazy\" decoding=\"async\" class=\"stk-img wp-image-824\" src=\"https:\/\/bulcar.com.ar\/2025\/wp-content\/uploads\/2025\/11\/Compresor-4.jpg\" width=\"1200\" height=\"1600\" srcset=\"https:\/\/bulcar.com.ar\/2025\/wp-content\/uploads\/2025\/11\/Compresor-4.jpg 1200w, https:\/\/bulcar.com.ar\/2025\/wp-content\/uploads\/2025\/11\/Compresor-4-225x300.jpg 225w, https:\/\/bulcar.com.ar\/2025\/wp-content\/uploads\/2025\/11\/Compresor-4-768x1024.jpg 768w, https:\/\/bulcar.com.ar\/2025\/wp-content\/uploads\/2025\/11\/Compresor-4-1152x1536.jpg 1152w\" sizes=\"auto, (max-width: 1200px) 100vw, 1200px\" \/><\/span><\/figure><\/div>\n<\/div><\/div><\/div>\n<\/div><\/div><\/div>\n\n\n\n<div class=\"wp-block-stackable-carousel alignwide stk-block-carousel stk--is-slide stk--arrows-justify-space-between stk--arrows-align-center stk-block stk-c5258e6\" data-slides-to-show=\"\" data-block-id=\"c5258e6\"><style>.stk-c5258e6 {max-width:684px !important;min-width:auto !important;}<\/style><div class=\"stk-block-carousel__content-wrapper\"><div class=\"stk-row stk-inner-blocks stk-block-content stk-block-carousel__slider-wrapper stk-content-align stk-c5258e6-column\"><div class=\"stk-block-carousel__slider\" role=\"list\" data-autoplay=\"4000\" data-label-slide-of=\"Slide %%d of %%d\" tabindex=\"0\">\n<div class=\"wp-block-stackable-column stk-block-column stk-column stk-block stk-37a2269\" data-v=\"4\" data-block-id=\"37a2269\"><div class=\"stk-column-wrapper stk-block-column__content stk-container stk-37a2269-container stk--no-background stk--no-padding\"><div class=\"stk-block-content stk-inner-blocks stk-37a2269-inner-blocks\">\n<figure data-wp-context=\"{&quot;imageId&quot;:&quot;6a062ebf0c469&quot;}\" data-wp-interactive=\"core\/image\" data-wp-key=\"6a062ebf0c469\" class=\"wp-block-image size-large wp-lightbox-container\"><img loading=\"lazy\" decoding=\"async\" width=\"768\" height=\"1024\" data-wp-class--hide=\"state.isContentHidden\" data-wp-class--show=\"state.isContentVisible\" data-wp-init=\"callbacks.setButtonStyles\" data-wp-on--click=\"actions.showLightbox\" data-wp-on--load=\"callbacks.setButtonStyles\" data-wp-on-window--resize=\"callbacks.setButtonStyles\" src=\"https:\/\/bulcar.com.ar\/2025\/wp-content\/uploads\/2025\/11\/Folleto-Compresor-768x1024.jpg\" alt=\"\" class=\"wp-image-820\" srcset=\"https:\/\/bulcar.com.ar\/2025\/wp-content\/uploads\/2025\/11\/Folleto-Compresor-768x1024.jpg 768w, https:\/\/bulcar.com.ar\/2025\/wp-content\/uploads\/2025\/11\/Folleto-Compresor-225x300.jpg 225w, https:\/\/bulcar.com.ar\/2025\/wp-content\/uploads\/2025\/11\/Folleto-Compresor-1152x1536.jpg 1152w, https:\/\/bulcar.com.ar\/2025\/wp-content\/uploads\/2025\/11\/Folleto-Compresor.jpg 1200w\" sizes=\"auto, (max-width: 768px) 100vw, 768px\" \/><button\n\t\t\tclass=\"lightbox-trigger\"\n\t\t\ttype=\"button\"\n\t\t\taria-haspopup=\"dialog\"\n\t\t\taria-label=\"Agrandar\"\n\t\t\tdata-wp-init=\"callbacks.initTriggerButton\"\n\t\t\tdata-wp-on--click=\"actions.showLightbox\"\n\t\t\tdata-wp-style--right=\"state.imageButtonRight\"\n\t\t\tdata-wp-style--top=\"state.imageButtonTop\"\n\t\t>\n\t\t\t<svg xmlns=\"http:\/\/www.w3.org\/2000\/svg\" width=\"12\" height=\"12\" fill=\"none\" viewBox=\"0 0 12 12\">\n\t\t\t\t<path fill=\"#fff\" d=\"M2 0a2 2 0 0 0-2 2v2h1.5V2a.5.5 0 0 1 .5-.5h2V0H2Zm2 10.5H2a.5.5 0 0 1-.5-.5V8H0v2a2 2 0 0 0 2 2h2v-1.5ZM8 12v-1.5h2a.5.5 0 0 0 .5-.5V8H12v2a2 2 0 0 1-2 2H8Zm2-12a2 2 0 0 1 2 2v2h-1.5V2a.5.5 0 0 0-.5-.5H8V0h2Z\" \/>\n\t\t\t<\/svg>\n\t\t<\/button><\/figure>\n<\/div><\/div><\/div>\n\n\n\n<div class=\"wp-block-stackable-column stk-block-column stk-column stk-block stk-7588d17\" data-v=\"4\" data-block-id=\"7588d17\"><div class=\"stk-column-wrapper stk-block-column__content stk-container stk-7588d17-container stk--no-background stk--no-padding\"><div class=\"stk-block-content stk-inner-blocks stk-7588d17-inner-blocks\">\n<figure data-wp-context=\"{&quot;imageId&quot;:&quot;6a062ebf0ce38&quot;}\" data-wp-interactive=\"core\/image\" data-wp-key=\"6a062ebf0ce38\" class=\"wp-block-image size-large wp-lightbox-container\"><img loading=\"lazy\" decoding=\"async\" width=\"768\" height=\"1024\" data-wp-class--hide=\"state.isContentHidden\" data-wp-class--show=\"state.isContentVisible\" data-wp-init=\"callbacks.setButtonStyles\" data-wp-on--click=\"actions.showLightbox\" data-wp-on--load=\"callbacks.setButtonStyles\" data-wp-on-window--resize=\"callbacks.setButtonStyles\" src=\"https:\/\/bulcar.com.ar\/2025\/wp-content\/uploads\/2025\/11\/Compresor-4-768x1024.jpg\" alt=\"\" class=\"wp-image-824\" srcset=\"https:\/\/bulcar.com.ar\/2025\/wp-content\/uploads\/2025\/11\/Compresor-4-768x1024.jpg 768w, https:\/\/bulcar.com.ar\/2025\/wp-content\/uploads\/2025\/11\/Compresor-4-225x300.jpg 225w, https:\/\/bulcar.com.ar\/2025\/wp-content\/uploads\/2025\/11\/Compresor-4-1152x1536.jpg 1152w, https:\/\/bulcar.com.ar\/2025\/wp-content\/uploads\/2025\/11\/Compresor-4.jpg 1200w\" sizes=\"auto, (max-width: 768px) 100vw, 768px\" \/><button\n\t\t\tclass=\"lightbox-trigger\"\n\t\t\ttype=\"button\"\n\t\t\taria-haspopup=\"dialog\"\n\t\t\taria-label=\"Agrandar\"\n\t\t\tdata-wp-init=\"callbacks.initTriggerButton\"\n\t\t\tdata-wp-on--click=\"actions.showLightbox\"\n\t\t\tdata-wp-style--right=\"state.imageButtonRight\"\n\t\t\tdata-wp-style--top=\"state.imageButtonTop\"\n\t\t>\n\t\t\t<svg xmlns=\"http:\/\/www.w3.org\/2000\/svg\" width=\"12\" height=\"12\" fill=\"none\" viewBox=\"0 0 12 12\">\n\t\t\t\t<path fill=\"#fff\" d=\"M2 0a2 2 0 0 0-2 2v2h1.5V2a.5.5 0 0 1 .5-.5h2V0H2Zm2 10.5H2a.5.5 0 0 1-.5-.5V8H0v2a2 2 0 0 0 2 2h2v-1.5ZM8 12v-1.5h2a.5.5 0 0 0 .5-.5V8H12v2a2 2 0 0 1-2 2H8Zm2-12a2 2 0 0 1 2 2v2h-1.5V2a.5.5 0 0 0-.5-.5H8V0h2Z\" \/>\n\t\t\t<\/svg>\n\t\t<\/button><\/figure>\n<\/div><\/div><\/div>\n\n\n\n<div class=\"wp-block-stackable-column stk-block-column stk-column stk-block stk-1ef52b3\" data-v=\"4\" data-block-id=\"1ef52b3\"><div class=\"stk-column-wrapper stk-block-column__content stk-container stk-1ef52b3-container stk--no-background stk--no-padding\"><div class=\"stk-block-content stk-inner-blocks stk-1ef52b3-inner-blocks\">\n<figure data-wp-context=\"{&quot;imageId&quot;:&quot;6a062ebf0d669&quot;}\" data-wp-interactive=\"core\/image\" data-wp-key=\"6a062ebf0d669\" class=\"wp-block-image size-large wp-lightbox-container\"><img loading=\"lazy\" decoding=\"async\" width=\"576\" height=\"1024\" data-wp-class--hide=\"state.isContentHidden\" data-wp-class--show=\"state.isContentVisible\" data-wp-init=\"callbacks.setButtonStyles\" data-wp-on--click=\"actions.showLightbox\" data-wp-on--load=\"callbacks.setButtonStyles\" data-wp-on-window--resize=\"callbacks.setButtonStyles\" src=\"https:\/\/bulcar.com.ar\/2025\/wp-content\/uploads\/2025\/11\/20250507_121516-576x1024.jpg\" alt=\"\" class=\"wp-image-813\" srcset=\"https:\/\/bulcar.com.ar\/2025\/wp-content\/uploads\/2025\/11\/20250507_121516-576x1024.jpg 576w, https:\/\/bulcar.com.ar\/2025\/wp-content\/uploads\/2025\/11\/20250507_121516-169x300.jpg 169w, https:\/\/bulcar.com.ar\/2025\/wp-content\/uploads\/2025\/11\/20250507_121516-768x1365.jpg 768w, https:\/\/bulcar.com.ar\/2025\/wp-content\/uploads\/2025\/11\/20250507_121516-864x1536.jpg 864w, https:\/\/bulcar.com.ar\/2025\/wp-content\/uploads\/2025\/11\/20250507_121516-1152x2048.jpg 1152w, https:\/\/bulcar.com.ar\/2025\/wp-content\/uploads\/2025\/11\/20250507_121516-scaled.jpg 1440w\" sizes=\"auto, (max-width: 576px) 100vw, 576px\" \/><button\n\t\t\tclass=\"lightbox-trigger\"\n\t\t\ttype=\"button\"\n\t\t\taria-haspopup=\"dialog\"\n\t\t\taria-label=\"Agrandar\"\n\t\t\tdata-wp-init=\"callbacks.initTriggerButton\"\n\t\t\tdata-wp-on--click=\"actions.showLightbox\"\n\t\t\tdata-wp-style--right=\"state.imageButtonRight\"\n\t\t\tdata-wp-style--top=\"state.imageButtonTop\"\n\t\t>\n\t\t\t<svg xmlns=\"http:\/\/www.w3.org\/2000\/svg\" width=\"12\" height=\"12\" fill=\"none\" viewBox=\"0 0 12 12\">\n\t\t\t\t<path fill=\"#fff\" d=\"M2 0a2 2 0 0 0-2 2v2h1.5V2a.5.5 0 0 1 .5-.5h2V0H2Zm2 10.5H2a.5.5 0 0 1-.5-.5V8H0v2a2 2 0 0 0 2 2h2v-1.5ZM8 12v-1.5h2a.5.5 0 0 0 .5-.5V8H12v2a2 2 0 0 1-2 2H8Zm2-12a2 2 0 0 1 2 2v2h-1.5V2a.5.5 0 0 0-.5-.5H8V0h2Z\" \/>\n\t\t\t<\/svg>\n\t\t<\/button><\/figure>\n<\/div><\/div><\/div>\n\n\n\n<div class=\"wp-block-stackable-column stk-block-column stk-column stk-block stk-080c974\" data-v=\"4\" data-block-id=\"080c974\"><div class=\"stk-column-wrapper stk-block-column__content stk-container stk-080c974-container stk--no-background stk--no-padding\"><div class=\"stk-block-content stk-inner-blocks stk-080c974-inner-blocks\">\n<figure data-wp-context=\"{&quot;imageId&quot;:&quot;6a062ebf0de8c&quot;}\" data-wp-interactive=\"core\/image\" data-wp-key=\"6a062ebf0de8c\" class=\"wp-block-image size-large wp-lightbox-container\"><img loading=\"lazy\" decoding=\"async\" width=\"768\" height=\"1024\" data-wp-class--hide=\"state.isContentHidden\" data-wp-class--show=\"state.isContentVisible\" data-wp-init=\"callbacks.setButtonStyles\" data-wp-on--click=\"actions.showLightbox\" data-wp-on--load=\"callbacks.setButtonStyles\" data-wp-on-window--resize=\"callbacks.setButtonStyles\" src=\"https:\/\/bulcar.com.ar\/2025\/wp-content\/uploads\/2025\/11\/Compresor-1-768x1024.jpg\" alt=\"\" class=\"wp-image-821\" srcset=\"https:\/\/bulcar.com.ar\/2025\/wp-content\/uploads\/2025\/11\/Compresor-1-768x1024.jpg 768w, https:\/\/bulcar.com.ar\/2025\/wp-content\/uploads\/2025\/11\/Compresor-1-225x300.jpg 225w, https:\/\/bulcar.com.ar\/2025\/wp-content\/uploads\/2025\/11\/Compresor-1-1152x1536.jpg 1152w, https:\/\/bulcar.com.ar\/2025\/wp-content\/uploads\/2025\/11\/Compresor-1.jpg 1200w\" sizes=\"auto, (max-width: 768px) 100vw, 768px\" \/><button\n\t\t\tclass=\"lightbox-trigger\"\n\t\t\ttype=\"button\"\n\t\t\taria-haspopup=\"dialog\"\n\t\t\taria-label=\"Agrandar\"\n\t\t\tdata-wp-init=\"callbacks.initTriggerButton\"\n\t\t\tdata-wp-on--click=\"actions.showLightbox\"\n\t\t\tdata-wp-style--right=\"state.imageButtonRight\"\n\t\t\tdata-wp-style--top=\"state.imageButtonTop\"\n\t\t>\n\t\t\t<svg xmlns=\"http:\/\/www.w3.org\/2000\/svg\" width=\"12\" height=\"12\" fill=\"none\" viewBox=\"0 0 12 12\">\n\t\t\t\t<path fill=\"#fff\" d=\"M2 0a2 2 0 0 0-2 2v2h1.5V2a.5.5 0 0 1 .5-.5h2V0H2Zm2 10.5H2a.5.5 0 0 1-.5-.5V8H0v2a2 2 0 0 0 2 2h2v-1.5ZM8 12v-1.5h2a.5.5 0 0 0 .5-.5V8H12v2a2 2 0 0 1-2 2H8Zm2-12a2 2 0 0 1 2 2v2h-1.5V2a.5.5 0 0 0-.5-.5H8V0h2Z\" \/>\n\t\t\t<\/svg>\n\t\t<\/button><\/figure>\n<\/div><\/div><\/div>\n\n\n\n<div class=\"wp-block-stackable-column stk-block-column stk-column stk-block stk-fcb7fda\" data-v=\"4\" data-block-id=\"fcb7fda\"><div class=\"stk-column-wrapper stk-block-column__content stk-container stk-fcb7fda-container stk--no-background stk--no-padding\"><div class=\"stk-block-content stk-inner-blocks stk-fcb7fda-inner-blocks\">\n<figure data-wp-context=\"{&quot;imageId&quot;:&quot;6a062ebf0e675&quot;}\" data-wp-interactive=\"core\/image\" data-wp-key=\"6a062ebf0e675\" class=\"wp-block-image size-large wp-lightbox-container\"><img loading=\"lazy\" decoding=\"async\" width=\"768\" height=\"1024\" data-wp-class--hide=\"state.isContentHidden\" data-wp-class--show=\"state.isContentVisible\" data-wp-init=\"callbacks.setButtonStyles\" data-wp-on--click=\"actions.showLightbox\" data-wp-on--load=\"callbacks.setButtonStyles\" data-wp-on-window--resize=\"callbacks.setButtonStyles\" src=\"https:\/\/bulcar.com.ar\/2025\/wp-content\/uploads\/2025\/11\/Compresor-3-768x1024.jpg\" alt=\"\" class=\"wp-image-823\" srcset=\"https:\/\/bulcar.com.ar\/2025\/wp-content\/uploads\/2025\/11\/Compresor-3-768x1024.jpg 768w, https:\/\/bulcar.com.ar\/2025\/wp-content\/uploads\/2025\/11\/Compresor-3-225x300.jpg 225w, https:\/\/bulcar.com.ar\/2025\/wp-content\/uploads\/2025\/11\/Compresor-3-1152x1536.jpg 1152w, https:\/\/bulcar.com.ar\/2025\/wp-content\/uploads\/2025\/11\/Compresor-3.jpg 1200w\" sizes=\"auto, (max-width: 768px) 100vw, 768px\" \/><button\n\t\t\tclass=\"lightbox-trigger\"\n\t\t\ttype=\"button\"\n\t\t\taria-haspopup=\"dialog\"\n\t\t\taria-label=\"Agrandar\"\n\t\t\tdata-wp-init=\"callbacks.initTriggerButton\"\n\t\t\tdata-wp-on--click=\"actions.showLightbox\"\n\t\t\tdata-wp-style--right=\"state.imageButtonRight\"\n\t\t\tdata-wp-style--top=\"state.imageButtonTop\"\n\t\t>\n\t\t\t<svg xmlns=\"http:\/\/www.w3.org\/2000\/svg\" width=\"12\" height=\"12\" fill=\"none\" viewBox=\"0 0 12 12\">\n\t\t\t\t<path fill=\"#fff\" d=\"M2 0a2 2 0 0 0-2 2v2h1.5V2a.5.5 0 0 1 .5-.5h2V0H2Zm2 10.5H2a.5.5 0 0 1-.5-.5V8H0v2a2 2 0 0 0 2 2h2v-1.5ZM8 12v-1.5h2a.5.5 0 0 0 .5-.5V8H12v2a2 2 0 0 1-2 2H8Zm2-12a2 2 0 0 1 2 2v2h-1.5V2a.5.5 0 0 0-.5-.5H8V0h2Z\" \/>\n\t\t\t<\/svg>\n\t\t<\/button><\/figure>\n<\/div><\/div><\/div>\n<\/div><div class=\"stk-block-carousel__buttons\"><button class=\"stk-block-carousel__button stk-block-carousel__button__prev\" aria-label=\"Previous slide\"><svg aria-hidden=\"true\" focusable=\"false\" data-prefix=\"fas\" data-icon=\"chevron-left\" class=\"svg-inline--fa fa-chevron-left\" xmlns=\"http:\/\/www.w3.org\/2000\/svg\" viewBox=\"0 0 320 512\" width=\"32\" height=\"32\"><path d=\"M34.52 239.03L228.87 44.69c9.37-9.37 24.57-9.37 33.94 0l22.67 22.67c9.36 9.36 9.37 24.52.04 33.9L131.49 256l154.02 154.75c9.34 9.38 9.32 24.54-.04 33.9l-22.67 22.67c-9.37 9.37-24.57 9.37-33.94 0L34.52 272.97c-9.37-9.37-9.37-24.57 0-33.94z\"><\/path><\/svg><\/button><button class=\"stk-block-carousel__button stk-block-carousel__button__next\" aria-label=\"Next slide\"><svg aria-hidden=\"true\" focusable=\"false\" data-prefix=\"fas\" data-icon=\"chevron-right\" class=\"svg-inline--fa fa-chevron-right\" xmlns=\"http:\/\/www.w3.org\/2000\/svg\" viewBox=\"0 0 320 512\" width=\"32\" height=\"32\"><path d=\"M285.476 272.971L91.132 467.314c-9.373 9.373-24.569 9.373-33.941 0l-22.667-22.667c-9.357-9.357-9.375-24.522-.04-33.901L188.505 256 34.484 101.255c-9.335-9.379-9.317-24.544.04-33.901l22.667-22.667c9.373-9.373 24.569-9.373 33.941 0L285.475 239.03c9.373 9.372 9.373 24.568.001 33.941z\"><\/path><\/svg><\/button><\/div><\/div><div class=\"stk-block-carousel__dots\" role=\"list\" data-label=\"Slide %%d\"><\/div><\/div><\/div>\n\n\n\n<div class=\"wp-block-stackable-columns stk-block-columns stk-block stk-762ee01\" data-block-id=\"762ee01\"><div class=\"stk-row stk-inner-blocks stk-block-content stk-content-align stk-762ee01-column\">\n<div class=\"wp-block-stackable-column stk-block-column stk-column stk-block stk-a41cd8f\" data-v=\"4\" data-block-id=\"a41cd8f\"><div class=\"stk-column-wrapper stk-block-column__content stk-container stk-a41cd8f-container stk--no-background stk--no-padding\"><div class=\"stk-block-content stk-inner-blocks stk-a41cd8f-inner-blocks\"><\/div><\/div><\/div>\n\n\n\n<div class=\"wp-block-stackable-column stk-block-column stk-column stk-block stk-501aac0\" data-v=\"4\" data-block-id=\"501aac0\"><div class=\"stk-column-wrapper stk-block-column__content stk-container stk-501aac0-container stk--no-background stk--no-padding\"><div class=\"stk-block-content stk-inner-blocks stk-501aac0-inner-blocks\"><\/div><\/div><\/div>\n\n\n\n<div class=\"wp-block-stackable-column stk-block-column stk-column stk-block stk-a66be3a\" data-v=\"4\" data-block-id=\"a66be3a\"><div class=\"stk-column-wrapper stk-block-column__content stk-container stk-a66be3a-container stk--no-background stk--no-padding\"><div class=\"stk-block-content stk-inner-blocks stk-a66be3a-inner-blocks\"><\/div><\/div><\/div>\n<\/div><\/div>\n","protected":false},"excerpt":{"rendered":"<p>Informaci\u00f3n T\u00e9cnica F\u00e1cil acceso desde la parte frontalSistema de tensionamiento autom\u00e1tico de correaSistema para cambios de lubricantes r\u00e1pidosMirilla para verificar el nivel de lubricanteFiltro de lubricante de 10 micronesFiltro de admisi\u00f3n de aire de 4 micronesPanel filtrante limpiable Para m\u00e1s informaci\u00f3n contactate<\/p>\n","protected":false},"author":2,"featured_media":0,"parent":33,"menu_order":0,"comment_status":"closed","ping_status":"closed","template":"","meta":{"footnotes":""},"class_list":["post-869","page","type-page","status-publish","hentry"],"blocksy_meta":[],"_links":{"self":[{"href":"https:\/\/bulcar.com.ar\/2025\/wp-json\/wp\/v2\/pages\/869","targetHints":{"allow":["GET"]}}],"collection":[{"href":"https:\/\/bulcar.com.ar\/2025\/wp-json\/wp\/v2\/pages"}],"about":[{"href":"https:\/\/bulcar.com.ar\/2025\/wp-json\/wp\/v2\/types\/page"}],"author":[{"embeddable":true,"href":"https:\/\/bulcar.com.ar\/2025\/wp-json\/wp\/v2\/users\/2"}],"replies":[{"embeddable":true,"href":"https:\/\/bulcar.com.ar\/2025\/wp-json\/wp\/v2\/comments?post=869"}],"version-history":[{"count":3,"href":"https:\/\/bulcar.com.ar\/2025\/wp-json\/wp\/v2\/pages\/869\/revisions"}],"predecessor-version":[{"id":872,"href":"https:\/\/bulcar.com.ar\/2025\/wp-json\/wp\/v2\/pages\/869\/revisions\/872"}],"up":[{"embeddable":true,"href":"https:\/\/bulcar.com.ar\/2025\/wp-json\/wp\/v2\/pages\/33"}],"wp:attachment":[{"href":"https:\/\/bulcar.com.ar\/2025\/wp-json\/wp\/v2\/media?parent=869"}],"curies":[{"name":"wp","href":"https:\/\/api.w.org\/{rel}","templated":true}]}}